{"id":29911,"date":"2025-06-28T18:38:48","date_gmt":"2025-06-28T18:38:48","guid":{"rendered":"https:\/\/cocinando.us\/?post_type=product&#038;p=29911"},"modified":"2025-07-11T20:05:10","modified_gmt":"2025-07-11T20:05:10","slug":"barberia-artistica-paso-a-paso","status":"publish","type":"product","link":"https:\/\/cocinando.us\/?product=barberia-artistica-paso-a-paso","title":{"rendered":"Barber\u00eda Art\u00edstica Paso a Paso"},"content":{"rendered":"<h2>MasterClass BARBER\u00cdA ART\u00cdSTICA PASO A PASO, aprender\u00e1s t\u00e9cnicas de barber\u00eda de la mano de barberos profesionales, para que puedas sorprender a tus clientes con dise\u00f1os est\u00e9ticos y vanguardistas.<\/h2>\n<p><strong>\u00bfQU\u00c9 VAS A LOGRAR?<\/strong><\/p>\n<ul class=\"wp-block-list\">\n<li>Utilizar\u00e1s las herramientas b\u00e1sicas y necesarias para realizar dise\u00f1os art\u00edsticos (FreeStyle)como un profesional.<\/li>\n<\/ul>\n<ul class=\"wp-block-list\">\n<li>Realizar\u00e1s dise\u00f1os art\u00edsticos aplicando los secretos y tips de los barberos profesionales.<\/li>\n<\/ul>\n<ul class=\"wp-block-list\">\n<li>Entender\u00e1s paso a paso todas las t\u00e9cnicas de sombra.<\/li>\n<\/ul>\n<ul class=\"wp-block-list\">\n<li>Aprender\u00e1s todas las t\u00e9cnicas de barber\u00eda art\u00edstica desde la comodidad de tu casa o desde el lugar que quieras a la hora que quieras.<\/li>\n<\/ul>\n<ul class=\"wp-block-list\">\n<li>Descubrir\u00e1s tus habilidades como barbero, estudiando y practicando cada m\u00f3dulo.<\/li>\n<\/ul>\n<ul class=\"wp-block-list\">\n<li>Entender\u00e1s los conceptos b\u00e1sicos y necesarios para realizar dise\u00f1os art\u00edsticos (FreeStyle) fluidos y sin complicaciones.<\/li>\n<\/ul>\n<ul class=\"wp-block-list\">\n<li>Aprender\u00e1s paso a paso a realizar dise\u00f1os ornamentales, l\u00edneas rectas, l\u00edneas curvas, figuras geom\u00e9tricas, tribales y dise\u00f1os en 3d. Seis dise\u00f1os art\u00edsticos fabulosos que har\u00e1n volar tu imaginaci\u00f3n.<\/li>\n<\/ul>\n<ul class=\"wp-block-list\">\n<li>Lograr\u00e1s diferenciarte de otros barberos por tus dise\u00f1os art\u00edsticos 100% originales.<\/li>\n<\/ul>\n<ul class=\"wp-block-list\">\n<li>Lograr\u00e1s reconocimiento y admiraci\u00f3n por tus clientes cada vez que realices nuevos dise\u00f1os (FreeStyle).<\/li>\n<\/ul>\n<ul class=\"wp-block-list\">\n<li>Acceder\u00e1s al certificado avalado por Hotmart y Seminarios Online.<\/li>\n<\/ul>\n<p><strong>\u00bfC\u00d3MO LO VAS A LOGRAR?<\/strong><\/p>\n<p>A trav\u00e9s del siguiente contenido, estructurado paso a paso:<\/p>\n<p>INTRODUCCI\u00d3N A LA BARBER\u00cdA ART\u00cdSTICA<\/p>\n<ul class=\"wp-block-list\">\n<li>Presentaci\u00f3n del experto.<\/li>\n<li>\u00bfPor qu\u00e9 el negocio de la barber\u00eda es rentable?.<\/li>\n<li>\u00bfQu\u00e9 es Barber\u00eda Art\u00edstica?.<\/li>\n<li>\u00bfC\u00f3mo inspirarse para realizar un dise\u00f1o art\u00edstico?.<\/li>\n<li>Tipos de Dise\u00f1os.<\/li>\n<li>Herramientas b\u00e1sicas para realizar un Dise\u00f1o.<\/li>\n<\/ul>\n<p>DISE\u00d1OS ART\u00cdSTICOS (FREESTYLE) PASO A PASO<\/p>\n<ul class=\"wp-block-list\">\n<li>Dise\u00f1o Ornamental.<\/li>\n<li>Dise\u00f1o l\u00edneas Curvas.<\/li>\n<li>Dise\u00f1o l\u00edneas rectas.<\/li>\n<li>Dise\u00f1o Tribal.<\/li>\n<li>Dise\u00f1o Figuras Geom\u00e9tricas.<\/li>\n<li>Dise\u00f1o en 3D.<\/li>\n<\/ul>\n<p>BARBA<\/p>\n<ul class=\"wp-block-list\">\n<li>Conceptos b\u00e1sicos para hacer una Barba<\/li>\n<li>Tipos de Barba.<\/li>\n<li>Herramientas necesarias para hacer una barba.<\/li>\n<li>Paso a Paso Barba Grooming.<\/li>\n<\/ul>\n<p>DESPEDIDA<\/p>\n<ul class=\"wp-block-list\">\n<li>S\u00edgueme en:<\/li>\n<\/ul>\n<p>MATERIAL ADICIONAL Y COMPLEMENTARIO (BONOS)<\/p>\n<ul class=\"wp-block-list\">\n<li>Video 18. M\u00e1s de 50 tipos de Barba. (pdf)<\/li>\n<\/ul>\n<p>RESPUESTAS A PREGUNTAS FRECUENTE<\/p>\n<ul class=\"wp-block-list\">\n<li>Pregunta #1. \u00bfQu\u00e9 hago en caso, de que me equivoque haciendo una l\u00ednea mientras termino un dise\u00f1o?.<\/li>\n<li>Pregunta #2. \u00bfQu\u00e9 t\u00e9cnicas debo aprender para hacer un dise\u00f1o 3D?.<\/li>\n<\/ul>\n<p><strong>ACERCA DEL PRODUCTOR<\/strong><\/p>\n<p>Desarrollado por FHANOR ARLEX LARRANIEGA, m\u00e1s conocido como \u201cLarras\u201d barbero profesional con 26 a\u00f1os de experiencia, certificado por los mejores barberos del mundo, Ganador de muchas batallas de barber\u00eda y experto en FreeStyle y Realismo.<\/p>\n","protected":false},"excerpt":{"rendered":"<p>\ud83d\udc88 <strong>Convi\u00e9rtete en el barbero que todos buscan<\/strong> \u2702\ufe0f \u00bfTe apasiona el mundo de la barber\u00eda y quieres llevar tu talento al siguiente nivel? Con nuestro <em>Curso Digital de Barber\u00eda<\/em>, aprender\u00e1s desde las t\u00e9cnicas cl\u00e1sicas hasta los estilos m\u00e1s modernos, todo desde la comodidad de tu casa.<\/p>\n<p>\ud83c\udf1f Ideal para principiantes y barberos en crecimiento. \ud83d\udd27 Incluye video clases, gu\u00edas descargables y acceso a una comunidad de apoyo. \ud83d\udcbc Prep\u00e1rate para emprender o mejorar tu perfil profesional.<\/p>\n<p>\ud83d\udcf2 Inscr\u00edbete hoy y empieza a cortar con confianza.<\/p>\n<p>#CursoDeBarber\u00eda #AprendeBarber\u00eda #BarberoProfesional #BarberLife #EmprendeConEstilo<\/p>\n","protected":false},"featured_media":29979,"comment_status":"open","ping_status":"closed","template":"","meta":[],"store":[],"product_brand":[],"product_cat":[43],"product_tag":[],"class_list":{"0":"post-29911","1":"product","2":"type-product","3":"status-publish","4":"has-post-thumbnail","6":"product_cat-cursos-digitales-spanish","8":"first","9":"instock","10":"shipping-taxable","11":"product-type-external"},"_links":{"self":[{"href":"https:\/\/cocinando.us\/index.php?rest_route=\/wp\/v2\/product\/29911","targetHints":{"allow":["GET"]}}],"collection":[{"href":"https:\/\/cocinando.us\/index.php?rest_route=\/wp\/v2\/product"}],"about":[{"href":"https:\/\/cocinando.us\/index.php?rest_route=\/wp\/v2\/types\/product"}],"replies":[{"embeddable":true,"href":"https:\/\/cocinando.us\/index.php?rest_route=%2Fwp%2Fv2%2Fcomments&post=29911"}],"wp:featuredmedia":[{"embeddable":true,"href":"https:\/\/cocinando.us\/index.php?rest_route=\/wp\/v2\/media\/29979"}],"wp:attachment":[{"href":"https:\/\/cocinando.us\/index.php?rest_route=%2Fwp%2Fv2%2Fmedia&parent=29911"}],"wp:term":[{"taxonomy":"store","embeddable":true,"href":"https:\/\/cocinando.us\/index.php?rest_route=%2Fwp%2Fv2%2Fstore&post=29911"},{"taxonomy":"product_brand","embeddable":true,"href":"https:\/\/cocinando.us\/index.php?rest_route=%2Fwp%2Fv2%2Fproduct_brand&post=29911"},{"taxonomy":"product_cat","embeddable":true,"href":"https:\/\/cocinando.us\/index.php?rest_route=%2Fwp%2Fv2%2Fproduct_cat&post=29911"},{"taxonomy":"product_tag","embeddable":true,"href":"https:\/\/cocinando.us\/index.php?rest_route=%2Fwp%2Fv2%2Fproduct_tag&post=29911"}],"curies":[{"name":"wp","href":"https:\/\/api.w.org\/{rel}","templated":true}]}}