{"id":46981,"date":"2025-07-18T16:20:55","date_gmt":"2025-07-18T16:20:55","guid":{"rendered":"https:\/\/cocinando.us\/?post_type=product&#038;p=46981"},"modified":"2025-07-25T23:59:18","modified_gmt":"2025-07-25T23:59:18","slug":"curso-digital-arte-floral-como-negocio-rentable-spanish","status":"publish","type":"product","link":"https:\/\/cocinando.us\/?product=curso-digital-arte-floral-como-negocio-rentable-spanish","title":{"rendered":"Curso Digital Arte Floral como Negocio Rentable (Spanish)"},"content":{"rendered":"<h1>Curso Digital Arte Floral como Negocio Rentable<\/h1>\n<h2><span style=\"font-weight: 400;\">\u00bfTe apasionan las flores? \u00a1Convierte tu amor en un negocio exitoso!\u00a0<\/span><\/h2>\n<p class=\"ds-markdown-paragraph\"><strong>\u00a1Convierte tu pasi\u00f3n por las flores en un negocio rentable! \ud83c\udf38\ud83d\udcbc<\/strong><\/p>\n<p class=\"ds-markdown-paragraph\">Aprende a crear\u00a0<strong>dise\u00f1os florales impactantes<\/strong>\u00a0y descubre los secretos para venderlos con \u00e9xito en el mercado digital. \ud83c\udf3f\u2728<\/p>\n<p class=\"ds-markdown-paragraph\">\u2705 T\u00e9cnicas profesionales paso a paso<br \/>\n\u2705 Estrategias de marketing digital<br \/>\n\u2705 C\u00f3mo monetizar tu arte floral<\/p>\n<p class=\"ds-markdown-paragraph\">\u00a1Empieza hoy y transforma tu creatividad en ingresos! \ud83d\ude80<\/p>\n<p class=\"ds-markdown-paragraph\">\ud83d\udce5\u00a0<strong>\u00a1Inscr\u00edbete ya!<\/strong><\/p>\n<p class=\"ds-markdown-paragraph\">#ArteFloral #NegocioRentable #EmprendimientoDigital<\/p>\n<p><span style=\"font-weight: 400;\">Aprende a crear y entregar arreglos florales que enamoren a diario. Con nuestro curso de arte floral, descubrir\u00e1s t\u00e9cnicas profesionales y estrategias para hacer de cada entrega un momento especial. \u00a1Transforma tu pasi\u00f3n en una fuente constante de ingresos<\/span><\/p>\n<p><span style=\"font-weight: 400;\">\u00a1Inscr\u00edbete ahora y comienza a vivir de lo que amas!<\/span><\/p>\n<p class=\"_mb-5\" role=\"paragraph\">\u00bfSab\u00edas que podr\u00e1s ser independiente y tener un negocio exitoso y altamente rentable por medio del arte floral?<\/p>\n<p class=\"_mb-5\" role=\"paragraph\">Con este masterclass de EL ARTE FLORAL COMO NEGOCIO RENTABLE crear\u00e1s y vender\u00e1s composiciones florales premium para toda ocasi\u00f3n y as\u00ed obtener un crecimiento de tu negocio en poco tiempo.<\/p>\n<p class=\"_mb-5\" role=\"paragraph\">Adem\u00e1s, recibir\u00e1s actualizaciones conforme a las tendencias florales de cada momento.<\/p>\n<p class=\"_mb-5\" role=\"paragraph\">\u00bfQU\u00c9 VAS A LOGRAR?<\/p>\n<ul>\n<li class=\"_mb-5\" role=\"paragraph\">Aprender\u00e1s a crear tu marca desde cero con el nombre, logo, e identidad propia.<\/li>\n<li class=\"_mb-5\" role=\"paragraph\">Reconocer\u00e1s el por qu\u00e9 de trabajar con flores.<\/li>\n<li class=\"_mb-5\" role=\"paragraph\">Aprender\u00e1s sobre la importancia del marketing digital para el crecimiento de los negocios.<\/li>\n<li class=\"_mb-5\" role=\"paragraph\">Crear\u00e1s tu propio cat\u00e1logo de productos.<\/li>\n<li class=\"_mb-5\" role=\"paragraph\">Comprender\u00e1s la importancia de la IA en tu negocio.<\/li>\n<li class=\"_mb-5\" role=\"paragraph\">Aprender\u00e1s c\u00f3mo tomar fotograf\u00edas de alta calidad de tus productos, y la edici\u00f3n de contenido.<\/li>\n<li class=\"_mb-5\" role=\"paragraph\">Identificar\u00e1s una gran variedad de flores principales, complementarias, fillers y follaje.<\/li>\n<li class=\"_mb-5\" role=\"paragraph\">Descubrir\u00e1s c\u00f3mo funciona la compra de flores desde una gran plaza de flores.<\/li>\n<li class=\"_mb-5\" role=\"paragraph\">Aprender\u00e1s sobre el cuidado de las flores.<\/li>\n<li class=\"_mb-5\" role=\"paragraph\">Conocer\u00e1s sobre las composiciones tradicionales y en tendencia.<\/li>\n<li class=\"_mb-5\" role=\"paragraph\">Crear\u00e1s diferentes composiciones florales.<\/li>\n<li class=\"_mb-5\" role=\"paragraph\">Ser\u00e1s capaz de calcular los costos de venta.<\/li>\n<\/ul>\n<p class=\"_mb-5\" role=\"paragraph\">Tendr\u00e1s a tu alcance todos los recursos adicionales como documentos y videos extras para practicar y aprender adecuadamente. Acceder\u00e1s al certificado avalado por Hotmart.<\/p>\n","protected":false},"excerpt":{"rendered":"<h1>Curso Digital Arte Floral como Negocio Rentable<\/h1>\n<p class=\"ds-markdown-paragraph\"><strong>\u00a1Convierte tu pasi\u00f3n por las flores en un negocio rentable! \ud83c\udf38\ud83d\udcbc<\/strong><\/p>\n<p class=\"ds-markdown-paragraph\">Aprende a crear\u00a0<strong>dise\u00f1os florales impactantes<\/strong>\u00a0y descubre los secretos para venderlos con \u00e9xito en el mercado digital. \ud83c\udf3f\u2728<\/p>\n<p class=\"ds-markdown-paragraph\">\u2705 T\u00e9cnicas profesionales paso a paso<br \/>\n\u2705 Estrategias de marketing digital<br \/>\n\u2705 C\u00f3mo monetizar tu arte floral<\/p>\n<p class=\"ds-markdown-paragraph\">\u00a1Empieza hoy y transforma tu creatividad en ingresos! \ud83d\ude80<\/p>\n<p class=\"ds-markdown-paragraph\">\ud83d\udce5\u00a0<strong>\u00a1Inscr\u00edbete ya!<\/strong><\/p>\n<p class=\"ds-markdown-paragraph\">#ArteFloral #NegocioRentable #EmprendimientoDigital<\/p>\n<p><span style=\"font-weight: 400;\">Aprende a crear y entregar arreglos florales que enamoren a diario. Con nuestro curso de arte floral, descubrir\u00e1s t\u00e9cnicas profesionales y estrategias para hacer de cada entrega un momento especial. \u00a1Transforma tu pasi\u00f3n en una fuente constante de ingresos<\/span><\/p>\n<p><span style=\"font-weight: 400;\">\u00a1Inscr\u00edbete ahora y comienza a vivir de lo que amas!<\/span><\/p>\n<p class=\"_mb-5\" role=\"paragraph\">\u00bfSab\u00edas que podr\u00e1s ser independiente y tener un negocio exitoso y altamente rentable por medio del arte floral?<\/p>\n<p class=\"_mb-5\" role=\"paragraph\">Con este masterclass de EL ARTE FLORAL COMO NEGOCIO RENTABLE crear\u00e1s y vender\u00e1s composiciones florales premium para toda ocasi\u00f3n y as\u00ed obtener un crecimiento de tu negocio en poco tiempo.<\/p>\n","protected":false},"featured_media":46982,"comment_status":"open","ping_status":"closed","template":"","meta":[],"store":[],"product_brand":[],"product_cat":[43],"product_tag":[62,64,63],"class_list":{"0":"post-46981","1":"product","2":"type-product","3":"status-publish","4":"has-post-thumbnail","6":"product_cat-cursos-digitales-spanish","7":"product_tag-arte-floral","8":"product_tag-manualidades-con-flores","9":"product_tag-negocio-rentable","11":"first","12":"instock","13":"shipping-taxable","14":"product-type-external"},"_links":{"self":[{"href":"https:\/\/cocinando.us\/index.php?rest_route=\/wp\/v2\/product\/46981","targetHints":{"allow":["GET"]}}],"collection":[{"href":"https:\/\/cocinando.us\/index.php?rest_route=\/wp\/v2\/product"}],"about":[{"href":"https:\/\/cocinando.us\/index.php?rest_route=\/wp\/v2\/types\/product"}],"replies":[{"embeddable":true,"href":"https:\/\/cocinando.us\/index.php?rest_route=%2Fwp%2Fv2%2Fcomments&post=46981"}],"wp:featuredmedia":[{"embeddable":true,"href":"https:\/\/cocinando.us\/index.php?rest_route=\/wp\/v2\/media\/46982"}],"wp:attachment":[{"href":"https:\/\/cocinando.us\/index.php?rest_route=%2Fwp%2Fv2%2Fmedia&parent=46981"}],"wp:term":[{"taxonomy":"store","embeddable":true,"href":"https:\/\/cocinando.us\/index.php?rest_route=%2Fwp%2Fv2%2Fstore&post=46981"},{"taxonomy":"product_brand","embeddable":true,"href":"https:\/\/cocinando.us\/index.php?rest_route=%2Fwp%2Fv2%2Fproduct_brand&post=46981"},{"taxonomy":"product_cat","embeddable":true,"href":"https:\/\/cocinando.us\/index.php?rest_route=%2Fwp%2Fv2%2Fproduct_cat&post=46981"},{"taxonomy":"product_tag","embeddable":true,"href":"https:\/\/cocinando.us\/index.php?rest_route=%2Fwp%2Fv2%2Fproduct_tag&post=46981"}],"curies":[{"name":"wp","href":"https:\/\/api.w.org\/{rel}","templated":true}]}}