{"id":4980,"date":"2025-06-23T17:16:46","date_gmt":"2025-06-23T17:16:46","guid":{"rendered":"https:\/\/cocinando.us\/?post_type=product&#038;p=4980"},"modified":"2025-06-23T17:44:29","modified_gmt":"2025-06-23T17:44:29","slug":"pasteleria-online-3-cursos-incluidos-spanish","status":"publish","type":"product","link":"https:\/\/cocinando.us\/?product=pasteleria-online-3-cursos-incluidos-spanish","title":{"rendered":"Pasteler\u00eda Online: 3 cursos incluidos (Spanish)"},"content":{"rendered":"<h3>Sobre el Producto<\/h3>\n<div class=\"text-wrapper\">Un pastelero es quien convierte su pasi\u00f3n, en profesi\u00f3n. Este es el programa para quienes buscan ofrecer las mejores tortas, panes y pasteles a su familia, o clientes, porque aprender\u00e1n a preparar un producto 100% hecho a mano y con cari\u00f1o. Dos cursos completos, en un mismo programa, con la mejor relaci\u00f3n calidad\/ cantidad \/ precio que podr\u00e1s encontrar.<\/div>\n","protected":false},"excerpt":{"rendered":"<p>Sobre el Producto Un pastelero es quien convierte su pasi\u00f3n, en profesi\u00f3n. Este es el programa para quienes buscan ofrecer las mejores tortas, panes y pasteles a su familia, o clientes, porque aprender\u00e1n a preparar un producto 100% hecho a mano y con cari\u00f1o. Dos cursos completos, en un mismo programa, con la mejor relaci\u00f3n [&hellip;]<\/p>\n","protected":false},"featured_media":5017,"comment_status":"open","ping_status":"closed","template":"","meta":[],"store":[],"product_brand":[],"product_cat":[43],"product_tag":[44],"class_list":{"0":"post-4980","1":"product","2":"type-product","3":"status-publish","4":"has-post-thumbnail","6":"product_cat-cursos-digitales-spanish","7":"product_tag-pasteleria","9":"first","10":"instock","11":"sale","12":"shipping-taxable","13":"product-type-external"},"_links":{"self":[{"href":"https:\/\/cocinando.us\/index.php?rest_route=\/wp\/v2\/product\/4980","targetHints":{"allow":["GET"]}}],"collection":[{"href":"https:\/\/cocinando.us\/index.php?rest_route=\/wp\/v2\/product"}],"about":[{"href":"https:\/\/cocinando.us\/index.php?rest_route=\/wp\/v2\/types\/product"}],"replies":[{"embeddable":true,"href":"https:\/\/cocinando.us\/index.php?rest_route=%2Fwp%2Fv2%2Fcomments&post=4980"}],"wp:featuredmedia":[{"embeddable":true,"href":"https:\/\/cocinando.us\/index.php?rest_route=\/wp\/v2\/media\/5017"}],"wp:attachment":[{"href":"https:\/\/cocinando.us\/index.php?rest_route=%2Fwp%2Fv2%2Fmedia&parent=4980"}],"wp:term":[{"taxonomy":"store","embeddable":true,"href":"https:\/\/cocinando.us\/index.php?rest_route=%2Fwp%2Fv2%2Fstore&post=4980"},{"taxonomy":"product_brand","embeddable":true,"href":"https:\/\/cocinando.us\/index.php?rest_route=%2Fwp%2Fv2%2Fproduct_brand&post=4980"},{"taxonomy":"product_cat","embeddable":true,"href":"https:\/\/cocinando.us\/index.php?rest_route=%2Fwp%2Fv2%2Fproduct_cat&post=4980"},{"taxonomy":"product_tag","embeddable":true,"href":"https:\/\/cocinando.us\/index.php?rest_route=%2Fwp%2Fv2%2Fproduct_tag&post=4980"}],"curies":[{"name":"wp","href":"https:\/\/api.w.org\/{rel}","templated":true}]}}